{"id":1340,"date":"2022-01-27T10:35:00","date_gmt":"2022-01-27T10:35:00","guid":{"rendered":"https:\/\/macrimasa.com\/?page_id=1340"},"modified":"2022-01-27T10:37:51","modified_gmt":"2022-01-27T10:37:51","slug":"premios-reconocimientos-y-adhesivos","status":"publish","type":"page","link":"https:\/\/macrimasa.com\/?page_id=1340","title":{"rendered":"Premios, Reconocimientos y Adhesivos"},"content":{"rendered":"\t\t<div data-elementor-type=\"wp-post\" data-elementor-id=\"1340\" class=\"elementor elementor-1340\">\n\t\t\t\t\t\t<section class=\"elementor-section elementor-top-section elementor-element elementor-element-e46c75f elementor-section-boxed elementor-section-height-default elementor-section-height-default\" data-id=\"e46c75f\" data-element_type=\"section\" data-e-type=\"section\">\n\t\t\t\t\t\t\t<div class=\"elementor-background-overlay\"><\/div>\n\t\t\t\t\t\t\t<div class=\"elementor-container elementor-column-gap-default\">\n\t\t\t\t\t<div class=\"elementor-column elementor-col-100 elementor-top-column elementor-element elementor-element-454eb00\" data-id=\"454eb00\" data-element_type=\"column\" data-e-type=\"column\">\n\t\t\t<div class=\"elementor-widget-wrap elementor-element-populated\">\n\t\t\t\t\t\t<section class=\"elementor-section elementor-inner-section elementor-element elementor-element-f7e2c0a elementor-section-boxed elementor-section-height-default elementor-section-height-default\" data-id=\"f7e2c0a\" data-element_type=\"section\" data-e-type=\"section\">\n\t\t\t\t\t\t<div class=\"elementor-container elementor-column-gap-default\">\n\t\t\t\t\t<div class=\"elementor-column elementor-col-66 elementor-inner-column elementor-element elementor-element-588af7d\" data-id=\"588af7d\" data-element_type=\"column\" data-e-type=\"column\" data-settings=\"{&quot;animation&quot;:&quot;none&quot;,&quot;background_background&quot;:&quot;classic&quot;}\">\n\t\t\t<div class=\"elementor-widget-wrap elementor-element-populated\">\n\t\t\t\t\t\t<div class=\"elementor-element elementor-element-6891ba8 elementor-widget elementor-widget-text-editor\" data-id=\"6891ba8\" data-element_type=\"widget\" data-e-type=\"widget\" data-widget_type=\"text-editor.default\">\n\t\t\t\t<div class=\"elementor-widget-container\">\n\t\t\t\t\t\t\t\t\t<p style=\"text-align: center;\">PREMIOS, RECONOCIMIENTOS Y ADHESIVOS<\/p>\t\t\t\t\t\t\t\t<\/div>\n\t\t\t\t<\/div>\n\t\t\t\t<div class=\"elementor-element elementor-element-28e72b8 elementor-widget elementor-widget-text-editor\" data-id=\"28e72b8\" data-element_type=\"widget\" data-e-type=\"widget\" data-widget_type=\"text-editor.default\">\n\t\t\t\t<div class=\"elementor-widget-container\">\n\t\t\t\t\t\t\t\t\t<p>\u00b7 Premio Responsabilidad Social Empresarial sector medico sanitario 2013<\/p><p>\u00a0<\/p><p>\u00b7 Premio Voluntades Fenin<\/p><p>\u00a0<\/p><p>\u00b7 El Grupo Macrimasa es firmante del Pacto Mundial de las Naciones Unidas.<\/p><p>\u00a0<\/p><p>\u00b7 El Grupo Macrimasa apoya la iniciativa del Carb\u00f3n Disclosure Project.<\/p>\t\t\t\t\t\t\t\t<\/div>\n\t\t\t\t<\/div>\n\t\t\t\t\t<\/div>\n\t\t<\/div>\n\t\t\t\t<div class=\"elementor-column elementor-col-33 elementor-inner-column elementor-element elementor-element-25fbc31\" data-id=\"25fbc31\" data-element_type=\"column\" data-e-type=\"column\" data-settings=\"{&quot;background_background&quot;:&quot;classic&quot;}\">\n\t\t\t<div class=\"elementor-widget-wrap elementor-element-populated\">\n\t\t\t\t\t\t<div class=\"elementor-element elementor-element-ef57f55 elementor-invisible elementor-widget elementor-widget-eael-adv-accordion\" data-id=\"ef57f55\" data-element_type=\"widget\" data-e-type=\"widget\" data-settings=\"{&quot;_animation&quot;:&quot;fadeInUp&quot;}\" data-widget_type=\"eael-adv-accordion.default\">\n\t\t\t\t<div class=\"elementor-widget-container\">\n\t\t\t\t\t            <div class=\"eael-adv-accordion\" id=\"eael-adv-accordion-ef57f55\" data-scroll-on-click=\"no\" data-scroll-speed=\"300\" data-accordion-id=\"ef57f55\" data-accordion-type=\"accordion\" data-toogle-speed=\"300\">\n            <div class=\"eael-accordion-list\">\n\t\t\t\t\t<div id=\"laboratorios-macrimasa-pharma\" class=\"elementor-tab-title eael-accordion-header\" tabindex=\"0\" data-tab=\"1\" aria-controls=\"elementor-tab-content-2501\"><span class=\"eael-advanced-accordion-icon-closed\"><i aria-hidden=\"true\" class=\"fa-accordion-icon fas fa-plus\"><\/i><\/span><span class=\"eael-advanced-accordion-icon-opened\"><i aria-hidden=\"true\" class=\"fa-accordion-icon fas fa-minus\"><\/i><\/span><span class=\"eael-accordion-tab-title\">Laboratorios Macrimasa-Pharma<\/span><i aria-hidden=\"true\" class=\"fa-toggle fas fa-angle-right\"><\/i><\/div><div id=\"elementor-tab-content-2501\" class=\"eael-accordion-content clearfix\" data-tab=\"1\" aria-labelledby=\"laboratorios-macrimasa-pharma\"><p>Divisi\u00f3n centrada en la investigaci\u00f3n, desarrollo y comercializaci\u00f3n\u00a0\u00a0de Tecnolog\u00eda M\u00e9dica \u00a0Sanitaria que comercializa dispositivos m\u00e9dicos, sistemas de diagn\u00f3stico y reactivos cuyo principal objetivo es mejorar la salud de las personas en el \u00e1mbito hospitalario.<\/p><\/div>\n\t\t\t\t\t<\/div><div class=\"eael-accordion-list\">\n\t\t\t\t\t<div id=\"laboratorios-macrimasa-vet\" class=\"elementor-tab-title eael-accordion-header\" tabindex=\"0\" data-tab=\"2\" aria-controls=\"elementor-tab-content-2502\"><span class=\"eael-advanced-accordion-icon-closed\"><i aria-hidden=\"true\" class=\"fa-accordion-icon fas fa-plus\"><\/i><\/span><span class=\"eael-advanced-accordion-icon-opened\"><i aria-hidden=\"true\" class=\"fa-accordion-icon fas fa-minus\"><\/i><\/span><span class=\"eael-accordion-tab-title\">Laboratorios Macrimasa-Vet<\/span><i aria-hidden=\"true\" class=\"fa-toggle fas fa-angle-right\"><\/i><\/div><div id=\"elementor-tab-content-2502\" class=\"eael-accordion-content clearfix\" data-tab=\"2\" aria-labelledby=\"laboratorios-macrimasa-vet\"><p>Actualmente realiza un trabajo constante de investigaci\u00f3n y desarrollo de productos para el sector veterinario. Nuestro objetivo es aportar soluciones reales a las nuevas necesidades de la sanidad animal. La constante comunicaci\u00f3n con el cl\u00ednico veterinario nos ayuda a realizar esta labor.<\/p><\/div>\n\t\t\t\t\t<\/div><div class=\"eael-accordion-list\">\n\t\t\t\t\t<div id=\"laboratorios-macrimasa-healthcare\" class=\"elementor-tab-title eael-accordion-header\" tabindex=\"0\" data-tab=\"3\" aria-controls=\"elementor-tab-content-2503\"><span class=\"eael-advanced-accordion-icon-closed\"><i aria-hidden=\"true\" class=\"fa-accordion-icon fas fa-plus\"><\/i><\/span><span class=\"eael-advanced-accordion-icon-opened\"><i aria-hidden=\"true\" class=\"fa-accordion-icon fas fa-minus\"><\/i><\/span><span class=\"eael-accordion-tab-title\">Laboratorios Macrimasa HealthCare<\/span><i aria-hidden=\"true\" class=\"fa-toggle fas fa-angle-right\"><\/i><\/div><div id=\"elementor-tab-content-2503\" class=\"eael-accordion-content clearfix\" data-tab=\"3\" aria-labelledby=\"laboratorios-macrimasa-healthcare\"><p>Divisi\u00f3n de Tecnolog\u00eda M\u00e9dica que comercializa material para centros y hospitales de medicina est\u00e9tica , geri\u00e1tricos , unidades de reproducci\u00f3n asistida, emergencia, rescate y diagn\u00f3stico, cuyo principal objetivo es garantizar la fiabilidad de los valores de nuestros productos.<\/p><\/div>\n\t\t\t\t\t<\/div><div class=\"eael-accordion-list\">\n\t\t\t\t\t<div id=\"macrimasa-academy\" class=\"elementor-tab-title eael-accordion-header\" tabindex=\"0\" data-tab=\"4\" aria-controls=\"elementor-tab-content-2504\"><span class=\"eael-advanced-accordion-icon-closed\"><i aria-hidden=\"true\" class=\"fa-accordion-icon fas fa-plus\"><\/i><\/span><span class=\"eael-advanced-accordion-icon-opened\"><i aria-hidden=\"true\" class=\"fa-accordion-icon fas fa-minus\"><\/i><\/span><span class=\"eael-accordion-tab-title\">Macrimasa-Academy<\/span><i aria-hidden=\"true\" class=\"fa-toggle fas fa-angle-right\"><\/i><\/div><div id=\"elementor-tab-content-2504\" class=\"eael-accordion-content clearfix\" data-tab=\"4\" aria-labelledby=\"macrimasa-academy\"><p>MACRIMASA ACADEMY es el centro de innovaci\u00f3n digital del GRUPO MACRIMASA que contribuye al desarrollo de nuevas capacidades digitales para ayudar a Demostrar, transferir, compartir conocimientos a nuestros clientes, a partir de sus skill centers enfocados en tecnolog\u00edas digitales y en su aplicabilidad en los resultados m\u00e9dicos y empresariales.<\/p><\/div>\n\t\t\t\t\t<\/div><div class=\"eael-accordion-list\">\n\t\t\t\t\t<div id=\"macrimasa-hub\" class=\"elementor-tab-title eael-accordion-header\" tabindex=\"0\" data-tab=\"5\" aria-controls=\"elementor-tab-content-2505\"><span class=\"eael-advanced-accordion-icon-closed\"><i aria-hidden=\"true\" class=\"fa-accordion-icon fas fa-plus\"><\/i><\/span><span class=\"eael-advanced-accordion-icon-opened\"><i aria-hidden=\"true\" class=\"fa-accordion-icon fas fa-minus\"><\/i><\/span><span class=\"eael-accordion-tab-title\">Macrimasa Hub<\/span><i aria-hidden=\"true\" class=\"fa-toggle fas fa-angle-right\"><\/i><\/div><div id=\"elementor-tab-content-2505\" class=\"eael-accordion-content clearfix\" data-tab=\"5\" aria-labelledby=\"macrimasa-hub\"><p>MACRIMASA HUB impulsa un programa de Open Innovation para acelerar la innovaci\u00f3n en la era de la disrupci\u00f3n Se trata de La primera aceleradora corporativa de startups de salud humana y animal en Espa\u00f1a A trav\u00e9s de la innovaci\u00f3n abierta y colaborativa, exploramos la co-creaci\u00f3n de soluciones y nuevas propuestas de valor sostenibles ante los desaf\u00edos estrat\u00e9gicos de la compa\u00f1\u00eda y los retos de las distintas unidades de negocio de la compa\u00f1\u00eda mediante la combinaci\u00f3n de conocimientos internos y las capacidades que aportan las mejores startups. Las startups que participan en el programa I\u2019MNOVATION co-desarrollan junto a expertos de la compa\u00f1\u00eda proyectos piloto durante tres meses para su validaci\u00f3n en entornos reales de mercado, per\u00edodo en el que cuentan con la colaboraci\u00f3n, mentorizaci\u00f3n y financiaci\u00f3n de GRUPO MACRIMASA para su ejecuci\u00f3n.<\/p><\/div>\n\t\t\t\t\t<\/div><\/div>\t\t\t\t<\/div>\n\t\t\t\t<\/div>\n\t\t\t\t<div class=\"elementor-element elementor-element-61c6e84 eael-dual-header-content-align-center elementor-widget elementor-widget-eael-dual-color-header\" data-id=\"61c6e84\" data-element_type=\"widget\" data-e-type=\"widget\" data-widget_type=\"eael-dual-color-header.default\">\n\t\t\t\t<div class=\"elementor-widget-container\">\n\t\t\t\t\t\t\t\t<div class=\"eael-dual-header\">\n\t\t\t\t<div class=\"title eael-dch-title\"><span class=\"eael-dch-title-text eael-dch-title-lead lead solid-color\">Areas<\/span> <span class=\"eael-dch-title-text\">de Negocio<\/span><\/div>\t\t\t<\/div>\n\n\t\t\t\t\t\t<\/div>\n\t\t\t\t<\/div>\n\t\t\t\t<div class=\"elementor-element elementor-element-45aacd3 elementor-widget elementor-widget-image\" data-id=\"45aacd3\" data-element_type=\"widget\" data-e-type=\"widget\" data-widget_type=\"image.default\">\n\t\t\t\t<div class=\"elementor-widget-container\">\n\t\t\t\t\t\t\t\t\t\t\t\t\t\t\t<img fetchpriority=\"high\" decoding=\"async\" width=\"1024\" height=\"683\" src=\"https:\/\/macrimasa.com\/wp-content\/uploads\/2022\/01\/pexels-kampus-production-5940737.jpg\" class=\"attachment-large size-large wp-image-1341\" alt=\"\" \/>\t\t\t\t\t\t\t\t\t\t\t\t\t\t\t<\/div>\n\t\t\t\t<\/div>\n\t\t\t\t\t<\/div>\n\t\t<\/div>\n\t\t\t\t\t<\/div>\n\t\t<\/section>\n\t\t\t\t\t<\/div>\n\t\t<\/div>\n\t\t\t\t\t<\/div>\n\t\t<\/section>\n\t\t\t\t<\/div>\n\t\t","protected":false},"excerpt":{"rendered":"<p>PREMIOS, RECONOCIMIENTOS Y ADHESIVOS \u00b7 Premio Responsabilidad Social Empresarial sector medico sanitario 2013 \u00a0 \u00b7 Premio Voluntades Fenin \u00a0 \u00b7 El Grupo Macrimasa es firmante del Pacto Mundial de las Naciones Unidas. \u00a0 \u00b7 El Grupo Macrimasa apoya la iniciativa del Carb\u00f3n Disclosure Project. Laboratorios Macrimasa-Pharma Divisi\u00f3n centrada en la investigaci\u00f3n, desarrollo y comercializaci\u00f3n\u00a0\u00a0de Tecnolog\u00eda [&hellip;]<\/p>\n","protected":false},"author":1,"featured_media":0,"parent":0,"menu_order":0,"comment_status":"closed","ping_status":"closed","template":"","meta":{"site-sidebar-layout":"no-sidebar","site-content-layout":"page-builder","ast-site-content-layout":"default","site-content-style":"default","site-sidebar-style":"default","ast-global-header-display":"","ast-banner-title-visibility":"","ast-main-header-display":"","ast-hfb-above-header-display":"","ast-hfb-below-header-display":"","ast-hfb-mobile-header-display":"","site-post-title":"disabled","ast-breadcrumbs-content":"","ast-featured-img":"disabled","footer-sml-layout":"","ast-disable-related-posts":"","theme-transparent-header-meta":"","adv-header-id-meta":"","stick-header-meta":"","header-above-stick-meta":"","header-main-stick-meta":"","header-below-stick-meta":"","astra-migrate-meta-layouts":"default","ast-page-background-enabled":"default","ast-page-background-meta":{"desktop":{"background-color":"","background-image":"","background-repeat":"repeat","background-position":"center center","background-size":"auto","background-attachment":"scroll","background-type":"","background-media":"","overlay-type":"","overlay-color":"","overlay-opacity":"","overlay-gradient":""},"tablet":{"background-color":"","background-image":"","background-repeat":"repeat","background-position":"center center","background-size":"auto","background-attachment":"scroll","background-type":"","background-media":"","overlay-type":"","overlay-color":"","overlay-opacity":"","overlay-gradient":""},"mobile":{"background-color":"","background-image":"","background-repeat":"repeat","background-position":"center center","background-size":"auto","background-attachment":"scroll","background-type":"","background-media":"","overlay-type":"","overlay-color":"","overlay-opacity":"","overlay-gradient":""}},"ast-content-background-meta":{"desktop":{"background-color":"var(--ast-global-color-5)","background-image":"","background-repeat":"repeat","background-position":"center center","background-size":"auto","background-attachment":"scroll","background-type":"","background-media":"","overlay-type":"","overlay-color":"","overlay-opacity":"","overlay-gradient":""},"tablet":{"background-color":"var(--ast-global-color-5)","background-image":"","background-repeat":"repeat","background-position":"center center","background-size":"auto","background-attachment":"scroll","background-type":"","background-media":"","overlay-type":"","overlay-color":"","overlay-opacity":"","overlay-gradient":""},"mobile":{"background-color":"var(--ast-global-color-5)","background-image":"","background-repeat":"repeat","background-position":"center center","background-size":"auto","background-attachment":"scroll","background-type":"","background-media":"","overlay-type":"","overlay-color":"","overlay-opacity":"","overlay-gradient":""}},"footnotes":""},"class_list":["post-1340","page","type-page","status-publish","hentry"],"_links":{"self":[{"href":"https:\/\/macrimasa.com\/index.php?rest_route=\/wp\/v2\/pages\/1340","targetHints":{"allow":["GET"]}}],"collection":[{"href":"https:\/\/macrimasa.com\/index.php?rest_route=\/wp\/v2\/pages"}],"about":[{"href":"https:\/\/macrimasa.com\/index.php?rest_route=\/wp\/v2\/types\/page"}],"author":[{"embeddable":true,"href":"https:\/\/macrimasa.com\/index.php?rest_route=\/wp\/v2\/users\/1"}],"replies":[{"embeddable":true,"href":"https:\/\/macrimasa.com\/index.php?rest_route=%2Fwp%2Fv2%2Fcomments&post=1340"}],"version-history":[{"count":3,"href":"https:\/\/macrimasa.com\/index.php?rest_route=\/wp\/v2\/pages\/1340\/revisions"}],"predecessor-version":[{"id":1344,"href":"https:\/\/macrimasa.com\/index.php?rest_route=\/wp\/v2\/pages\/1340\/revisions\/1344"}],"wp:attachment":[{"href":"https:\/\/macrimasa.com\/index.php?rest_route=%2Fwp%2Fv2%2Fmedia&parent=1340"}],"curies":[{"name":"wp","href":"https:\/\/api.w.org\/{rel}","templated":true}]}}